{"id":2528,"date":"2024-02-25T09:52:05","date_gmt":"2024-02-25T08:52:05","guid":{"rendered":"https:\/\/en.spin-craft.net\/politica-de-privacidad\/"},"modified":"2025-11-07T10:59:09","modified_gmt":"2025-11-07T09:59:09","slug":"politica-de-privacidad","status":"publish","type":"page","link":"https:\/\/spin-craft.net\/es\/politica-de-privacidad\/","title":{"rendered":"Pol\u00edtica de privacidad"},"content":{"rendered":"<p>[et_pb_section fb_built=\u00bb1&#8243; _builder_version=\u00bb4.24.2&#8243; _module_preset=\u00bbdefault\u00bb background_enable_color=\u00bboff\u00bb custom_padding=\u00bb||5px|||\u00bb global_colors_info=\u00bb{}\u00bb][et_pb_row _builder_version=\u00bb4.24.2&#8243; _module_preset=\u00bbdefault\u00bb global_colors_info=\u00bb{}\u00bb][et_pb_column type=\u00bb4_4&#8243; _builder_version=\u00bb4.24.2&#8243; _module_preset=\u00bbdefault\u00bb global_colors_info=\u00bb{}\u00bb][et_pb_heading title=\u00bbPol\u00edtica de privacidad\u00bb _builder_version=\u00bb4.24.3&#8243; _module_preset=\u00bbdefault\u00bb title_text_color=\u00bb#000000&#8243; hover_enabled=\u00bb0&#8243; global_colors_info=\u00bb{}\u00bb sticky_enabled=\u00bb0&#8243;][\/et_pb_heading][et_pb_text _builder_version=\u00bb4.24.2&#8243; _module_preset=\u00bbdefault\u00bb text_font=\u00bb||||||||\u00bb text_text_color=\u00bb#000000&#8243; text_font_size=\u00bb15px\u00bb header_text_color=\u00bb#000000&#8243; text_font_tablet=\u00bb\u00bb text_font_phone=\u00bb\u00bb text_font_last_edited=\u00bbon|desktop\u00bb global_colors_info=\u00bb{}\u00bb]<\/p>\n<p><span style=\"font-size: 15px;\">Valoramos y respetamos tu privacidad y nos comprometemos a protegerla. Esta Pol\u00edtica de privacidad describe c\u00f3mo recopilamos, utilizamos y protegemos la informaci\u00f3n que nos proporcionas a trav\u00e9s de nuestro sitio web y servicios relacionados. <\/span><\/p>\n<p>&nbsp;<\/p>\n<h3>Informaci\u00f3n que recopilamos<\/h3>\n<p>Cuando utilizas nuestro sitio web y servicios, es posible que recopilemos cierta informaci\u00f3n de identificaci\u00f3n personal, que puede incluir, entre otros:<\/p>\n<ul>\n<li>Nombre<\/li>\n<li>Direcci\u00f3n de correo electr\u00f3nico<\/li>\n<li>Direcci\u00f3n postal<\/li>\n<li>N\u00famero de tel\u00e9fono<\/li>\n<li>Informaci\u00f3n de pago (por ejemplo, informaci\u00f3n de la tarjeta de cr\u00e9dito)<\/li>\n<\/ul>\n<p>Adem\u00e1s, recopilamos autom\u00e1ticamente cierta informaci\u00f3n sobre tu dispositivo y tu uso de nuestro sitio web, que puede incluir tu direcci\u00f3n IP, tipo de navegador, p\u00e1ginas visitadas, tiempo de visita y otros datos de diagn\u00f3stico.<\/p>\n<p>&nbsp;<\/p>\n<h3>Uso de la informaci\u00f3n<\/h3>\n<p>Utilizamos la informaci\u00f3n recopilada para los siguientes fines:<\/p>\n<ul>\n<li>Procesar y completar tus pedidos<\/li>\n<li>Comunicarnos contigo sobre tu pedido y proporcionarte atenci\u00f3n al cliente<\/li>\n<li>Personalizar tu experiencia en nuestro sitio web<\/li>\n<li>Enviarte correos electr\u00f3nicos promocionales y boletines informativos sobre productos, ofertas especiales y eventos (si eliges recibirlos)<\/li>\n<li>Mejorar y optimizar nuestro sitio web y servicios<\/li>\n<li>Detectar y prevenir el fraude y las actividades ilegales<\/li>\n<\/ul>\n<p>&nbsp;<\/p>\n<h3>Protecci\u00f3n de la informaci\u00f3n<\/h3>\n<p>Implementamos medidas de seguridad para proteger la informaci\u00f3n que recopilamos contra la p\u00e9rdida, el uso indebido, el acceso no autorizado, la divulgaci\u00f3n, la alteraci\u00f3n o la destrucci\u00f3n. Sin embargo, ten en cuenta que ninguna medida de seguridad es completamente impenetrable. <\/p>\n<p>&nbsp;<\/p>\n<h3>Compartir informaci\u00f3n<\/h3>\n<p>No vendemos, alquilamos ni compartimos tu informaci\u00f3n personal con terceros, excepto en las siguientes circunstancias:<\/p>\n<ul>\n<li>Con proveedores de servicios que necesitan acceder a la informaci\u00f3n para proporcionar servicios en nuestro nombre (por ejemplo, procesamiento de pagos, env\u00edo de pedidos).<\/li>\n<li>Cuando creemos de buena fe que la divulgaci\u00f3n es necesaria para cumplir con una obligaci\u00f3n legal, proteger nuestros derechos o prevenir actividades ilegales.<\/li>\n<\/ul>\n<h3>Cambios en esta pol\u00edtica<\/h3>\n<p>Nos reservamos el derecho de actualizar esta Pol\u00edtica de privacidad en cualquier momento. Te notificaremos cualquier cambio publicando la nueva Pol\u00edtica de privacidad en esta p\u00e1gina. Se recomienda revisar peri\u00f3dicamente esta Pol\u00edtica de privacidad para mantenerse informado de cualquier cambio.  <\/p>\n<p>&nbsp;<\/p>\n<h3><span style=\"font-size: x-large;\">Contacto<\/span><\/h3>\n<p>Si tienes alguna pregunta sobre esta Pol\u00edtica de privacidad, ponte en contacto con nosotros:<\/p>\n<p>Por correo electr\u00f3nico: <a target=\"_new\" rel=\"noopener\">contact@spin-craft.net<\/a><\/p>\n<ul><\/ul>\n<p>[\/et_pb_text][\/et_pb_column][\/et_pb_row][\/et_pb_section]<\/p>\n","protected":false},"excerpt":{"rendered":"<p>Valoramos y respetamos tu privacidad y nos comprometemos a protegerla. Esta Pol\u00edtica de privacidad describe c\u00f3mo recopilamos, utilizamos y protegemos la informaci\u00f3n que nos proporcionas a trav\u00e9s de nuestro sitio web y servicios relacionados. &nbsp; Informaci\u00f3n que recopilamos Cuando utilizas nuestro sitio web y servicios, es posible que recopilemos cierta informaci\u00f3n de identificaci\u00f3n personal, que [&hellip;]<\/p>\n","protected":false},"author":1,"featured_media":0,"parent":0,"menu_order":0,"comment_status":"closed","ping_status":"closed","template":"","meta":{"_et_pb_use_builder":"on","_et_pb_old_content":"","_et_gb_content_width":"","footnotes":""},"class_list":["post-2528","page","type-page","status-publish","hentry"],"_links":{"self":[{"href":"https:\/\/spin-craft.net\/es\/wp-json\/wp\/v2\/pages\/2528","targetHints":{"allow":["GET"]}}],"collection":[{"href":"https:\/\/spin-craft.net\/es\/wp-json\/wp\/v2\/pages"}],"about":[{"href":"https:\/\/spin-craft.net\/es\/wp-json\/wp\/v2\/types\/page"}],"author":[{"embeddable":true,"href":"https:\/\/spin-craft.net\/es\/wp-json\/wp\/v2\/users\/1"}],"replies":[{"embeddable":true,"href":"https:\/\/spin-craft.net\/es\/wp-json\/wp\/v2\/comments?post=2528"}],"version-history":[{"count":2,"href":"https:\/\/spin-craft.net\/es\/wp-json\/wp\/v2\/pages\/2528\/revisions"}],"predecessor-version":[{"id":2530,"href":"https:\/\/spin-craft.net\/es\/wp-json\/wp\/v2\/pages\/2528\/revisions\/2530"}],"wp:attachment":[{"href":"https:\/\/spin-craft.net\/es\/wp-json\/wp\/v2\/media?parent=2528"}],"curies":[{"name":"wp","href":"https:\/\/api.w.org\/{rel}","templated":true}]}}