{"id":2537,"date":"2024-02-25T00:05:13","date_gmt":"2024-02-24T23:05:13","guid":{"rendered":"https:\/\/en.spin-craft.net\/sobre-nosotros\/"},"modified":"2025-11-07T10:59:12","modified_gmt":"2025-11-07T09:59:12","slug":"sobre-nosotros","status":"publish","type":"page","link":"https:\/\/spin-craft.net\/es\/sobre-nosotros\/","title":{"rendered":"Sobre nosotros"},"content":{"rendered":"<p>[et_pb_section fb_built=\u00bb1&#8243; _builder_version=\u00bb4.24.2&#8243; _module_preset=\u00bbdefault\u00bb background_color=\u00bb#0d3366&#8243; custom_padding=\u00bb||5px|||\u00bb global_colors_info=\u00bb{}\u00bb][et_pb_row _builder_version=\u00bb4.24.2&#8243; _module_preset=\u00bbdefault\u00bb global_colors_info=\u00bb{}\u00bb][et_pb_column type=\u00bb4_4&#8243; _builder_version=\u00bb4.24.2&#8243; _module_preset=\u00bbdefault\u00bb global_colors_info=\u00bb{}\u00bb][et_pb_heading title=\u00bbRopa para los que aman el ping\u00bb _builder_version=\u00bb4.24.2&#8243; _module_preset=\u00bbdefault\u00bb title_text_color=\u00bb#FFFFFF\u00bb global_colors_info=\u00bb{}\u00bb][\/et_pb_heading][et_pb_text _builder_version=\u00bb4.24.2&#8243; _module_preset=\u00bbdefault\u00bb text_font=\u00bb||||||||\u00bb text_text_color=\u00bb#FFFFFF\u00bb text_font_size=\u00bb15px\u00bb header_text_color=\u00bb#FFFFFF\u00bb text_font_tablet=\u00bb\u00bb text_font_phone=\u00bb\u00bb text_font_last_edited=\u00bbon|desktop\u00bb global_colors_info=\u00bb{}\u00bb]<\/p>\n<p><strong>spincraft<\/strong> refleja nuestra pasi\u00f3n por el tenis de mesa. Cada creaci\u00f3n que realizamos es un homenaje al ping. <\/p>\n<p>En nuestro proceso de creaci\u00f3n, priorizamos la protecci\u00f3n del medio ambiente eligiendo cuidadosamente materiales sostenibles como tejidos org\u00e1nicos y reciclados. Este compromiso se refleja tambi\u00e9n en nuestro proceso de fabricaci\u00f3n, realizado de manera responsable para reducir nuestra huella ecol\u00f3gica.  <\/p>\n<p>La impresi\u00f3n de nuestra ropa se realiza en Barcelona. Y para a\u00f1adir un toque de exclusividad, cada pieza se produce en cantidades limitadas. <\/p>\n<p>Esperamos que disfrutes de nuestra ropa tanto como nosotros hemos disfrutado dise\u00f1\u00e1ndola.<\/p>\n<p><span><\/span><\/p>\n<p><strong>El equipo spincraft<\/strong><span><\/span><\/p>\n<p><span><\/span><\/p>\n<p>[\/et_pb_text][\/et_pb_column][\/et_pb_row][\/et_pb_section]<\/p>\n","protected":false},"excerpt":{"rendered":"<p>spincraft refleja nuestra pasi\u00f3n por el tenis de mesa. Cada creaci\u00f3n que realizamos es un homenaje al ping. En nuestro proceso de creaci\u00f3n, priorizamos la protecci\u00f3n del medio ambiente eligiendo cuidadosamente materiales sostenibles como tejidos org\u00e1nicos y reciclados. Este compromiso se refleja tambi\u00e9n en nuestro proceso de fabricaci\u00f3n, realizado de manera responsable para reducir nuestra [&hellip;]<\/p>\n","protected":false},"author":1,"featured_media":0,"parent":0,"menu_order":0,"comment_status":"closed","ping_status":"closed","template":"","meta":{"_et_pb_use_builder":"on","_et_pb_old_content":"","_et_gb_content_width":"","footnotes":""},"class_list":["post-2537","page","type-page","status-publish","hentry"],"_links":{"self":[{"href":"https:\/\/spin-craft.net\/es\/wp-json\/wp\/v2\/pages\/2537","targetHints":{"allow":["GET"]}}],"collection":[{"href":"https:\/\/spin-craft.net\/es\/wp-json\/wp\/v2\/pages"}],"about":[{"href":"https:\/\/spin-craft.net\/es\/wp-json\/wp\/v2\/types\/page"}],"author":[{"embeddable":true,"href":"https:\/\/spin-craft.net\/es\/wp-json\/wp\/v2\/users\/1"}],"replies":[{"embeddable":true,"href":"https:\/\/spin-craft.net\/es\/wp-json\/wp\/v2\/comments?post=2537"}],"version-history":[{"count":2,"href":"https:\/\/spin-craft.net\/es\/wp-json\/wp\/v2\/pages\/2537\/revisions"}],"predecessor-version":[{"id":2539,"href":"https:\/\/spin-craft.net\/es\/wp-json\/wp\/v2\/pages\/2537\/revisions\/2539"}],"wp:attachment":[{"href":"https:\/\/spin-craft.net\/es\/wp-json\/wp\/v2\/media?parent=2537"}],"curies":[{"name":"wp","href":"https:\/\/api.w.org\/{rel}","templated":true}]}}