{"id":2731,"date":"2025-08-26T14:12:46","date_gmt":"2025-08-26T12:12:46","guid":{"rendered":"https:\/\/en.spin-craft.net\/items\/sudadera-2-raquetas\/"},"modified":"2025-11-19T09:55:01","modified_gmt":"2025-11-19T08:55:01","slug":"sudadera-2-raquetas","status":"publish","type":"product","link":"https:\/\/spin-craft.net\/es\/items\/sudadera-2-raquetas\/","title":{"rendered":"Sudadera \u00ab2 raquetas\u00bb"},"content":{"rendered":"<p>Sudadera blanca ecol\u00f3gica con un llamativo gr\u00e1fico negro de palas de tenis de mesa cruzadas, rodeadas de t\u00e9rminos clave de ping pong<\/p>\n<p>Tiene un corte recto y est\u00e1 confeccionada con materiales sostenibles: 85% algod\u00f3n org\u00e1nico y 15% poli\u00e9ster reciclado post-consumo. La superficie exterior es 100% algod\u00f3n, con un forro polar cepillado de 3 hilos tratado con LSF (Low Shrinkage Fleece). El algod\u00f3n es peinado y la sudadera ha sido lavada con enzimas para un acabado suave y c\u00f3modo.  <\/p>\n","protected":false},"excerpt":{"rendered":"<p>Sudadera blanca ecol\u00f3gica con un llamativo gr\u00e1fico negro de palas de tenis de mesa cruzadas, rodeadas de t\u00e9rminos clave de ping pong Tiene un corte recto y est\u00e1 confeccionada con materiales sostenibles: 85% algod\u00f3n org\u00e1nico y 15% poli\u00e9ster reciclado post-consumo. La superficie exterior es 100% algod\u00f3n, con un forro polar cepillado de 3 hilos tratado [&hellip;]<\/p>\n","protected":false},"featured_media":2732,"comment_status":"open","ping_status":"closed","template":"","meta":{"_et_pb_use_builder":"","_et_pb_old_content":"","_et_gb_content_width":""},"product_brand":[],"product_cat":[85,121],"product_tag":[],"class_list":{"0":"post-2731","1":"product","2":"type-product","3":"status-publish","4":"has-post-thumbnail","6":"product_cat-sudaderas","7":"product_cat-viernes-negro","9":"first","10":"instock","11":"sale","12":"taxable","13":"shipping-taxable","14":"purchasable","15":"product-type-variable"},"_links":{"self":[{"href":"https:\/\/spin-craft.net\/es\/wp-json\/wp\/v2\/product\/2731","targetHints":{"allow":["GET"]}}],"collection":[{"href":"https:\/\/spin-craft.net\/es\/wp-json\/wp\/v2\/product"}],"about":[{"href":"https:\/\/spin-craft.net\/es\/wp-json\/wp\/v2\/types\/product"}],"replies":[{"embeddable":true,"href":"https:\/\/spin-craft.net\/es\/wp-json\/wp\/v2\/comments?post=2731"}],"wp:featuredmedia":[{"embeddable":true,"href":"https:\/\/spin-craft.net\/es\/wp-json\/wp\/v2\/media\/2732"}],"wp:attachment":[{"href":"https:\/\/spin-craft.net\/es\/wp-json\/wp\/v2\/media?parent=2731"}],"wp:term":[{"taxonomy":"product_brand","embeddable":true,"href":"https:\/\/spin-craft.net\/es\/wp-json\/wp\/v2\/product_brand?post=2731"},{"taxonomy":"product_cat","embeddable":true,"href":"https:\/\/spin-craft.net\/es\/wp-json\/wp\/v2\/product_cat?post=2731"},{"taxonomy":"product_tag","embeddable":true,"href":"https:\/\/spin-craft.net\/es\/wp-json\/wp\/v2\/product_tag?post=2731"}],"curies":[{"name":"wp","href":"https:\/\/api.w.org\/{rel}","templated":true}]}}