{"id":2778,"date":"2025-08-26T14:06:16","date_gmt":"2025-08-26T12:06:16","guid":{"rendered":"https:\/\/en.spin-craft.net\/items\/sudadera-play-table-tennis\/"},"modified":"2025-11-19T09:55:27","modified_gmt":"2025-11-19T08:55:27","slug":"sudadera-play-table-tennis","status":"publish","type":"product","link":"https:\/\/spin-craft.net\/es\/items\/sudadera-play-table-tennis\/","title":{"rendered":"Sudadera \u00abplay table tennis\u00bb"},"content":{"rendered":"<p>Sudadera ecol\u00f3gica con un dise\u00f1o sencillo y minimalista que muestra una mesa de ping pong y la frase \u201cPlay Table Tennis\u201d.<\/p>\n<p>Tiene un corte recto y est\u00e1 hecho con materiales sostenibles: 85% de algod\u00f3n org\u00e1nico y 15% de poli\u00e9ster reciclado postconsumo. La superficie exterior es 100% algod\u00f3n, con un vell\u00f3n cepillado de 3 hilos tratado con LSF (vell\u00f3n de baja contracci\u00f3n). El algod\u00f3n es peinado, y la sudadera ha sido lavada con enzimas para un acabado suave y c\u00f3modo.<\/p>\n","protected":false},"excerpt":{"rendered":"<p>Sudadera ecol\u00f3gica con un dise\u00f1o sencillo y minimalista que muestra una mesa de ping pong y la frase \u201cPlay Table Tennis\u201d. Tiene un corte recto y est\u00e1 hecho con materiales sostenibles: 85% de algod\u00f3n org\u00e1nico y 15% de poli\u00e9ster reciclado postconsumo. La superficie exterior es 100% algod\u00f3n, con un vell\u00f3n cepillado de 3 hilos tratado [&hellip;]<\/p>\n","protected":false},"featured_media":2779,"comment_status":"open","ping_status":"closed","template":"","meta":{"_et_pb_use_builder":"","_et_pb_old_content":"","_et_gb_content_width":""},"product_brand":[],"product_cat":[85,121],"product_tag":[],"class_list":{"0":"post-2778","1":"product","2":"type-product","3":"status-publish","4":"has-post-thumbnail","6":"product_cat-sudaderas","7":"product_cat-viernes-negro","9":"first","10":"instock","11":"sale","12":"taxable","13":"shipping-taxable","14":"purchasable","15":"product-type-variable"},"_links":{"self":[{"href":"https:\/\/spin-craft.net\/es\/wp-json\/wp\/v2\/product\/2778","targetHints":{"allow":["GET"]}}],"collection":[{"href":"https:\/\/spin-craft.net\/es\/wp-json\/wp\/v2\/product"}],"about":[{"href":"https:\/\/spin-craft.net\/es\/wp-json\/wp\/v2\/types\/product"}],"replies":[{"embeddable":true,"href":"https:\/\/spin-craft.net\/es\/wp-json\/wp\/v2\/comments?post=2778"}],"wp:featuredmedia":[{"embeddable":true,"href":"https:\/\/spin-craft.net\/es\/wp-json\/wp\/v2\/media\/2779"}],"wp:attachment":[{"href":"https:\/\/spin-craft.net\/es\/wp-json\/wp\/v2\/media?parent=2778"}],"wp:term":[{"taxonomy":"product_brand","embeddable":true,"href":"https:\/\/spin-craft.net\/es\/wp-json\/wp\/v2\/product_brand?post=2778"},{"taxonomy":"product_cat","embeddable":true,"href":"https:\/\/spin-craft.net\/es\/wp-json\/wp\/v2\/product_cat?post=2778"},{"taxonomy":"product_tag","embeddable":true,"href":"https:\/\/spin-craft.net\/es\/wp-json\/wp\/v2\/product_tag?post=2778"}],"curies":[{"name":"wp","href":"https:\/\/api.w.org\/{rel}","templated":true}]}}