{"id":2852,"date":"2025-06-05T16:20:42","date_gmt":"2025-06-05T14:20:42","guid":{"rendered":"https:\/\/en.spin-craft.net\/items\/pack-classic\/"},"modified":"2025-06-05T16:20:42","modified_gmt":"2025-06-05T14:20:42","slug":"pack-classic","status":"publish","type":"product","link":"https:\/\/spin-craft.net\/es\/items\/pack-classic\/","title":{"rendered":"Pack \u00abCLASSIC\u00bb"},"content":{"rendered":"<p>El esp\u00edritu original de la marca, reunido en un solo pack.<\/p>\n<p>El Classic Pack incluye nuestras dos camisetas m\u00e1s ic\u00f3nicas:<\/p>\n<p>\ud83d\udc55 Camiseta PLAY TABLE TENNIS<br \/>\n\ud83d\udc55 Camiseta TRIUMPH <\/p>\n","protected":false},"excerpt":{"rendered":"<p>El esp\u00edritu original de la marca, reunido en un solo pack. El Classic Pack incluye nuestras dos camisetas m\u00e1s ic\u00f3nicas: \ud83d\udc55 Camiseta PLAY TABLE TENNIS \ud83d\udc55 Camiseta TRIUMPH<\/p>\n","protected":false},"featured_media":2199,"comment_status":"open","ping_status":"closed","template":"","meta":{"_et_pb_use_builder":"","_et_pb_old_content":"","_et_gb_content_width":""},"product_brand":[],"product_cat":[105,112],"product_tag":[],"class_list":{"0":"post-2852","1":"product","2":"type-product","3":"status-publish","4":"has-post-thumbnail","6":"product_cat-camisetas","7":"product_cat-packs","9":"first","10":"instock","11":"sale","12":"taxable","13":"shipping-taxable","14":"purchasable","15":"product-type-variable"},"_links":{"self":[{"href":"https:\/\/spin-craft.net\/es\/wp-json\/wp\/v2\/product\/2852","targetHints":{"allow":["GET"]}}],"collection":[{"href":"https:\/\/spin-craft.net\/es\/wp-json\/wp\/v2\/product"}],"about":[{"href":"https:\/\/spin-craft.net\/es\/wp-json\/wp\/v2\/types\/product"}],"replies":[{"embeddable":true,"href":"https:\/\/spin-craft.net\/es\/wp-json\/wp\/v2\/comments?post=2852"}],"wp:featuredmedia":[{"embeddable":true,"href":"https:\/\/spin-craft.net\/es\/wp-json\/wp\/v2\/media\/2199"}],"wp:attachment":[{"href":"https:\/\/spin-craft.net\/es\/wp-json\/wp\/v2\/media?parent=2852"}],"wp:term":[{"taxonomy":"product_brand","embeddable":true,"href":"https:\/\/spin-craft.net\/es\/wp-json\/wp\/v2\/product_brand?post=2852"},{"taxonomy":"product_cat","embeddable":true,"href":"https:\/\/spin-craft.net\/es\/wp-json\/wp\/v2\/product_cat?post=2852"},{"taxonomy":"product_tag","embeddable":true,"href":"https:\/\/spin-craft.net\/es\/wp-json\/wp\/v2\/product_tag?post=2852"}],"curies":[{"name":"wp","href":"https:\/\/api.w.org\/{rel}","templated":true}]}}