{"id":2916,"date":"2025-04-30T13:32:47","date_gmt":"2025-04-30T11:32:47","guid":{"rendered":"https:\/\/en.spin-craft.net\/items\/sudadera-chillping\/"},"modified":"2025-04-30T13:32:47","modified_gmt":"2025-04-30T11:32:47","slug":"sudadera-chillping","status":"publish","type":"product","link":"https:\/\/spin-craft.net\/es\/items\/sudadera-chillping\/","title":{"rendered":"Sudadera \u00abCHILL&amp;PING\u00bb"},"content":{"rendered":"<p>La sudadera org\u00e1nica unisex CHILL&amp;PING est\u00e1 hecha de materiales org\u00e1nicos y reciclados, y es suave y c\u00f3moda al tacto. Tiene mangas insertadas, punto el\u00e1stico 2\u00d72 en el cuello y cinta de tela propia en el cuello. \u00a1Pide tu pr\u00f3ximo b\u00e1sico ecol\u00f3gico y sal a la calle con estilo!  <\/p>\n<p>\u2022 80% algod\u00f3n org\u00e1nico, 20% poli\u00e9ster reciclado<br \/>\n\u2022 Exterior 100% algod\u00f3n org\u00e1nico<br \/>\n\u2022 Tejido French Terry<br \/>\n\u2022 Mangas insertadas<br \/>\n\u2022 Punto el\u00e1stico 2\u00d72 en el cuello<br \/>\n\u2022 Cinta de tela propia en el cuello<\/p>\n","protected":false},"excerpt":{"rendered":"<p>La sudadera org\u00e1nica unisex CHILL&amp;PING est\u00e1 hecha de materiales org\u00e1nicos y reciclados, y es suave y c\u00f3moda al tacto. Tiene mangas insertadas, punto el\u00e1stico 2\u00d72 en el cuello y cinta de tela propia en el cuello. \u00a1Pide tu pr\u00f3ximo b\u00e1sico ecol\u00f3gico y sal a la calle con estilo! \u2022 80% algod\u00f3n org\u00e1nico, 20% poli\u00e9ster reciclado [&hellip;]<\/p>\n","protected":false},"featured_media":2105,"comment_status":"open","ping_status":"closed","template":"","meta":{"_et_pb_use_builder":"","_et_pb_old_content":"","_et_gb_content_width":""},"product_brand":[],"product_cat":[85],"product_tag":[],"class_list":{"0":"post-2916","1":"product","2":"type-product","3":"status-publish","4":"has-post-thumbnail","6":"product_cat-sudaderas","8":"first","9":"instock","10":"taxable","11":"shipping-taxable","12":"purchasable","13":"product-type-variable"},"_links":{"self":[{"href":"https:\/\/spin-craft.net\/es\/wp-json\/wp\/v2\/product\/2916","targetHints":{"allow":["GET"]}}],"collection":[{"href":"https:\/\/spin-craft.net\/es\/wp-json\/wp\/v2\/product"}],"about":[{"href":"https:\/\/spin-craft.net\/es\/wp-json\/wp\/v2\/types\/product"}],"replies":[{"embeddable":true,"href":"https:\/\/spin-craft.net\/es\/wp-json\/wp\/v2\/comments?post=2916"}],"wp:featuredmedia":[{"embeddable":true,"href":"https:\/\/spin-craft.net\/es\/wp-json\/wp\/v2\/media\/2105"}],"wp:attachment":[{"href":"https:\/\/spin-craft.net\/es\/wp-json\/wp\/v2\/media?parent=2916"}],"wp:term":[{"taxonomy":"product_brand","embeddable":true,"href":"https:\/\/spin-craft.net\/es\/wp-json\/wp\/v2\/product_brand?post=2916"},{"taxonomy":"product_cat","embeddable":true,"href":"https:\/\/spin-craft.net\/es\/wp-json\/wp\/v2\/product_cat?post=2916"},{"taxonomy":"product_tag","embeddable":true,"href":"https:\/\/spin-craft.net\/es\/wp-json\/wp\/v2\/product_tag?post=2916"}],"curies":[{"name":"wp","href":"https:\/\/api.w.org\/{rel}","templated":true}]}}