{"id":3048,"date":"2025-04-20T06:07:59","date_gmt":"2025-04-20T04:07:59","guid":{"rendered":"https:\/\/en.spin-craft.net\/items\/camiseta-cho-le\/"},"modified":"2025-04-20T06:07:59","modified_gmt":"2025-04-20T04:07:59","slug":"camiseta-cho-le","status":"publish","type":"product","link":"https:\/\/spin-craft.net\/es\/items\/camiseta-cho-le\/","title":{"rendered":"Camiseta \u00abCHO-LE\u00bb"},"content":{"rendered":"<p>Camiseta CHO-LE. 100% algod\u00f3n hilado en anillo, suave y c\u00f3moda. El doble pespunte en el cuello y las mangas a\u00f1ade m\u00e1s durabilidad.<\/p>\n","protected":false},"excerpt":{"rendered":"<p>Camiseta CHO-LE. 100% algod\u00f3n hilado en anillo, suave y c\u00f3moda. El doble pespunte en el cuello y las mangas a\u00f1ade m\u00e1s durabilidad.<\/p>\n","protected":false},"featured_media":1808,"comment_status":"open","ping_status":"closed","template":"","meta":{"_et_pb_use_builder":"","_et_pb_old_content":"","_et_gb_content_width":""},"product_brand":[],"product_cat":[105,114],"product_tag":[],"class_list":{"0":"post-3048","1":"product","2":"type-product","3":"status-publish","4":"has-post-thumbnail","6":"product_cat-camisetas","7":"product_cat-camisetas-de-tenis-de-mesa","9":"first","10":"instock","11":"taxable","12":"shipping-taxable","13":"purchasable","14":"product-type-variable"},"_links":{"self":[{"href":"https:\/\/spin-craft.net\/es\/wp-json\/wp\/v2\/product\/3048","targetHints":{"allow":["GET"]}}],"collection":[{"href":"https:\/\/spin-craft.net\/es\/wp-json\/wp\/v2\/product"}],"about":[{"href":"https:\/\/spin-craft.net\/es\/wp-json\/wp\/v2\/types\/product"}],"replies":[{"embeddable":true,"href":"https:\/\/spin-craft.net\/es\/wp-json\/wp\/v2\/comments?post=3048"}],"wp:featuredmedia":[{"embeddable":true,"href":"https:\/\/spin-craft.net\/es\/wp-json\/wp\/v2\/media\/1808"}],"wp:attachment":[{"href":"https:\/\/spin-craft.net\/es\/wp-json\/wp\/v2\/media?parent=3048"}],"wp:term":[{"taxonomy":"product_brand","embeddable":true,"href":"https:\/\/spin-craft.net\/es\/wp-json\/wp\/v2\/product_brand?post=3048"},{"taxonomy":"product_cat","embeddable":true,"href":"https:\/\/spin-craft.net\/es\/wp-json\/wp\/v2\/product_cat?post=3048"},{"taxonomy":"product_tag","embeddable":true,"href":"https:\/\/spin-craft.net\/es\/wp-json\/wp\/v2\/product_tag?post=3048"}],"curies":[{"name":"wp","href":"https:\/\/api.w.org\/{rel}","templated":true}]}}