{"id":3102,"date":"2025-11-12T19:06:41","date_gmt":"2025-11-12T18:06:41","guid":{"rendered":"https:\/\/en.spin-craft.net\/items\/sudadera-table-tennis\/"},"modified":"2025-11-12T19:06:41","modified_gmt":"2025-11-12T18:06:41","slug":"sudadera-table-tennis","status":"publish","type":"product","link":"https:\/\/spin-craft.net\/es\/items\/sudadera-table-tennis\/","title":{"rendered":"Sudadera \u201cTABLE TENNIS\u201d"},"content":{"rendered":"<p>La sudadera unisex org\u00e1nica \u201cTABLE TENNIS\u201d est\u00e1 hecha de materiales org\u00e1nicos y reciclados, y es suave y c\u00f3moda al tacto. Tiene mangas insertadas, punto el\u00e1stico 2\u00d72 en el cuello y cinta de tela propia en el cuello. \u00a1Pide tu pr\u00f3ximo esencial ecol\u00f3gico y sal a la calle con estilo!<\/p>\n<p>\u2022 80% algod\u00f3n org\u00e1nico, 20% poli\u00e9ster reciclado<br \/>\u2022 Exterior 100% algod\u00f3n org\u00e1nico<br \/>\u2022 Tejido de felpa francesa<br \/>\u2022 Mangas insertadas<br \/>\u2022 Punto el\u00e1stico 2\u00d72 en el cuello<br \/>\u2022 Cinta de tela propia en el cuello<\/p>\n","protected":false},"excerpt":{"rendered":"<p>La sudadera unisex org\u00e1nica \u201cTABLE TENNIS\u201d est\u00e1 hecha de materiales org\u00e1nicos y reciclados, y es suave y c\u00f3moda al tacto. Tiene mangas insertadas, punto el\u00e1stico 2\u00d72 en el cuello y cinta de tela propia en el cuello. \u00a1Pide tu pr\u00f3ximo esencial ecol\u00f3gico y sal a la calle con estilo! \u2022 80% algod\u00f3n org\u00e1nico, 20% poli\u00e9ster [&hellip;]<\/p>\n","protected":false},"featured_media":0,"comment_status":"open","ping_status":"closed","template":"","meta":{"_et_pb_use_builder":"","_et_pb_old_content":"","_et_gb_content_width":""},"product_brand":[],"product_cat":[],"product_tag":[],"class_list":{"0":"post-3102","1":"product","2":"type-product","3":"status-publish","6":"first","7":"instock","8":"taxable","9":"shipping-taxable","10":"purchasable","11":"product-type-variable"},"_links":{"self":[{"href":"https:\/\/spin-craft.net\/es\/wp-json\/wp\/v2\/product\/3102","targetHints":{"allow":["GET"]}}],"collection":[{"href":"https:\/\/spin-craft.net\/es\/wp-json\/wp\/v2\/product"}],"about":[{"href":"https:\/\/spin-craft.net\/es\/wp-json\/wp\/v2\/types\/product"}],"replies":[{"embeddable":true,"href":"https:\/\/spin-craft.net\/es\/wp-json\/wp\/v2\/comments?post=3102"}],"wp:attachment":[{"href":"https:\/\/spin-craft.net\/es\/wp-json\/wp\/v2\/media?parent=3102"}],"wp:term":[{"taxonomy":"product_brand","embeddable":true,"href":"https:\/\/spin-craft.net\/es\/wp-json\/wp\/v2\/product_brand?post=3102"},{"taxonomy":"product_cat","embeddable":true,"href":"https:\/\/spin-craft.net\/es\/wp-json\/wp\/v2\/product_cat?post=3102"},{"taxonomy":"product_tag","embeddable":true,"href":"https:\/\/spin-craft.net\/es\/wp-json\/wp\/v2\/product_tag?post=3102"}],"curies":[{"name":"wp","href":"https:\/\/api.w.org\/{rel}","templated":true}]}}