{"id":3120,"date":"2025-11-13T19:51:59","date_gmt":"2025-11-13T18:51:59","guid":{"rendered":"https:\/\/en.spin-craft.net\/items\/sudadera-table-tennis-logotipo-rojo\/"},"modified":"2025-11-13T19:51:59","modified_gmt":"2025-11-13T18:51:59","slug":"sudadera-table-tennis-logotipo-rojo","status":"publish","type":"product","link":"https:\/\/spin-craft.net\/es\/items\/sudadera-table-tennis-logotipo-rojo\/","title":{"rendered":"Sudadera \u201cTABLE TENNIS\u201d \u2013 Logotipo rojo"},"content":{"rendered":"<p>La sudadera \u201cTABLE TENNIS\u201d est\u00e1 hecha de materiales org\u00e1nicos y reciclados, y es suave y c\u00f3moda al tacto. Tiene mangas insertadas, punto el\u00e1stico 2\u00d72 en el cuello y cinta de tela propia en el cuello.<\/p>\n<p>\u2022 80% algod\u00f3n org\u00e1nico, 20% poli\u00e9ster reciclado<br \/>\u2022 Exterior 100% algod\u00f3n org\u00e1nico<br \/>\u2022 Tejido de felpa francesa<br \/>\u2022 Mangas insertadas<br \/>\u2022 Punto el\u00e1stico 2\u00d72 en el cuello<br \/>\u2022 Cinta de tela propia en el cuello<\/p>\n<p>Este producto se fabrica especialmente para ti en cuanto realizas un pedido, por eso tardamos un poco m\u00e1s en entreg\u00e1rtelo. Fabricar productos bajo demanda en lugar de en grandes cantidades ayuda a reducir la sobreproducci\u00f3n, \u00a1as\u00ed que gracias por tomar decisiones de compra conscientes! <\/p>\n","protected":false},"excerpt":{"rendered":"<p>La sudadera \u201cTABLE TENNIS\u201d est\u00e1 hecha de materiales org\u00e1nicos y reciclados, y es suave y c\u00f3moda al tacto. Tiene mangas insertadas, punto el\u00e1stico 2\u00d72 en el cuello y cinta de tela propia en el cuello. \u2022 80% algod\u00f3n org\u00e1nico, 20% poli\u00e9ster reciclado\u2022 Exterior 100% algod\u00f3n org\u00e1nico\u2022 Tejido de felpa francesa\u2022 Mangas insertadas\u2022 Punto el\u00e1stico 2\u00d72 [&hellip;]<\/p>\n","protected":false},"featured_media":0,"comment_status":"open","ping_status":"closed","template":"","meta":{"_et_pb_use_builder":"","_et_pb_old_content":"","_et_gb_content_width":""},"product_brand":[],"product_cat":[],"product_tag":[],"class_list":{"0":"post-3120","1":"product","2":"type-product","3":"status-publish","6":"first","7":"instock","8":"taxable","9":"shipping-taxable","10":"purchasable","11":"product-type-variable"},"_links":{"self":[{"href":"https:\/\/spin-craft.net\/es\/wp-json\/wp\/v2\/product\/3120","targetHints":{"allow":["GET"]}}],"collection":[{"href":"https:\/\/spin-craft.net\/es\/wp-json\/wp\/v2\/product"}],"about":[{"href":"https:\/\/spin-craft.net\/es\/wp-json\/wp\/v2\/types\/product"}],"replies":[{"embeddable":true,"href":"https:\/\/spin-craft.net\/es\/wp-json\/wp\/v2\/comments?post=3120"}],"wp:attachment":[{"href":"https:\/\/spin-craft.net\/es\/wp-json\/wp\/v2\/media?parent=3120"}],"wp:term":[{"taxonomy":"product_brand","embeddable":true,"href":"https:\/\/spin-craft.net\/es\/wp-json\/wp\/v2\/product_brand?post=3120"},{"taxonomy":"product_cat","embeddable":true,"href":"https:\/\/spin-craft.net\/es\/wp-json\/wp\/v2\/product_cat?post=3120"},{"taxonomy":"product_tag","embeddable":true,"href":"https:\/\/spin-craft.net\/es\/wp-json\/wp\/v2\/product_tag?post=3120"}],"curies":[{"name":"wp","href":"https:\/\/api.w.org\/{rel}","templated":true}]}}