{"id":2515,"date":"2024-02-25T00:05:13","date_gmt":"2024-02-24T23:05:13","guid":{"rendered":"https:\/\/en.spin-craft.net\/a-propos-de-nous\/"},"modified":"2025-11-07T10:58:58","modified_gmt":"2025-11-07T09:58:58","slug":"a-propos-de-nous","status":"publish","type":"page","link":"https:\/\/spin-craft.net\/fr\/a-propos-de-nous\/","title":{"rendered":"\u00c0 propos de nous"},"content":{"rendered":"<p>[et_pb_section fb_built=\u00a0\u00bb1&Prime; _builder_version=\u00a0\u00bb4.24.2&Prime; _module_preset=\u00a0\u00bbdefault\u00a0\u00bb background_color=\u00a0\u00bb#0d3366&Prime; custom_padding=\u00a0\u00bb||5px|||\u00a0\u00bb global_colors_info=\u00a0\u00bb{}\u00a0\u00bb][et_pb_row _builder_version=\u00a0\u00bb4.24.2&Prime; _module_preset=\u00a0\u00bbdefault\u00a0\u00bb global_colors_info=\u00a0\u00bb{}\u00a0\u00bb][et_pb_column type=\u00a0\u00bb4_4&Prime; _builder_version=\u00a0\u00bb4.24.2&Prime; _module_preset=\u00a0\u00bbdefault\u00a0\u00bb global_colors_info=\u00a0\u00bb{}\u00a0\u00bb][et_pb_heading title=\u00a0\u00bbDes v\u00eatements pour ceux qui aiment le ping-pong\u00a0\u00bb _builder_version=\u00a0\u00bb4.24.2&Prime; _module_preset=\u00a0\u00bbdefault\u00a0\u00bb title_text_color=\u00a0\u00bb#FFFFFF\u00a0\u00bb global_colors_info=\u00a0\u00bb{}\u00a0\u00bb][\/et_pb_heading][et_pb_text _builder_version=\u00a0\u00bb4.24.2&Prime; _module_preset=\u00a0\u00bbdefault\u00a0\u00bb text_font=\u00a0\u00bb||||||||\u00a0\u00bb text_text_color=\u00a0\u00bb#FFFFFF\u00a0\u00bb text_font_size=\u00a0\u00bb15px\u00a0\u00bb header_text_color=\u00a0\u00bb#FFFFFF\u00a0\u00bb text_font_tablet=\u00a0\u00bb\u00a0\u00bb text_font_phone=\u00a0\u00bb\u00a0\u00bb text_font_last_edited=\u00a0\u00bbon|desktop\u00a0\u00bb global_colors_info=\u00a0\u00bb{}\u00a0\u00bb]<\/p>\n<p><strong>spincraft<\/strong> refl\u00e8te notre passion pour le tennis de table. Chaque cr\u00e9ation que nous r\u00e9alisons est un hommage au ping.<\/p>\n<p>Dans notre processus de cr\u00e9ation, nous accordons la priorit\u00e9 \u00e0 la protection de l&rsquo;environnement en choisissant soigneusement des mat\u00e9riaux durables tels que des tissus bios et recycl\u00e9s. Cet engagement se refl\u00e8te \u00e9galement dans notre processus de fabrication, effectu\u00e9 de mani\u00e8re responsable afin de r\u00e9duire notre empreinte \u00e9cologique. <\/p>\n<p>L&rsquo;impression de nos v\u00eatements est r\u00e9alis\u00e9e \u00e0 Barcelone. Et pour ajouter une touche d&rsquo;exclusivit\u00e9, chaque pi\u00e8ce est produite en quantit\u00e9s limit\u00e9es.<\/p>\n<p>Nous esp\u00e9rons que vous appr\u00e9cierez nos v\u00eatements autant que nous avons aim\u00e9 les concevoir.<\/p>\n<p><span><\/span><\/p>\n<p><strong>L&rsquo;\u00e9quipe spincraft<\/strong><span><\/span><\/p>\n<p><span><\/span><\/p>\n<p>[\/et_pb_text][\/et_pb_column][\/et_pb_row][\/et_pb_section]<\/p>\n","protected":false},"excerpt":{"rendered":"<p>spincraft refl\u00e8te notre passion pour le tennis de table. Chaque cr\u00e9ation que nous r\u00e9alisons est un hommage au ping. Dans notre processus de cr\u00e9ation, nous accordons la priorit\u00e9 \u00e0 la protection de l&rsquo;environnement en choisissant soigneusement des mat\u00e9riaux durables tels que des tissus bios et recycl\u00e9s. Cet engagement se refl\u00e8te \u00e9galement dans notre processus de [&hellip;]<\/p>\n","protected":false},"author":1,"featured_media":0,"parent":0,"menu_order":0,"comment_status":"closed","ping_status":"closed","template":"","meta":{"_et_pb_use_builder":"on","_et_pb_old_content":"","_et_gb_content_width":"","footnotes":""},"class_list":["post-2515","page","type-page","status-publish","hentry"],"_links":{"self":[{"href":"https:\/\/spin-craft.net\/fr\/wp-json\/wp\/v2\/pages\/2515","targetHints":{"allow":["GET"]}}],"collection":[{"href":"https:\/\/spin-craft.net\/fr\/wp-json\/wp\/v2\/pages"}],"about":[{"href":"https:\/\/spin-craft.net\/fr\/wp-json\/wp\/v2\/types\/page"}],"author":[{"embeddable":true,"href":"https:\/\/spin-craft.net\/fr\/wp-json\/wp\/v2\/users\/1"}],"replies":[{"embeddable":true,"href":"https:\/\/spin-craft.net\/fr\/wp-json\/wp\/v2\/comments?post=2515"}],"version-history":[{"count":2,"href":"https:\/\/spin-craft.net\/fr\/wp-json\/wp\/v2\/pages\/2515\/revisions"}],"predecessor-version":[{"id":2517,"href":"https:\/\/spin-craft.net\/fr\/wp-json\/wp\/v2\/pages\/2515\/revisions\/2517"}],"wp:attachment":[{"href":"https:\/\/spin-craft.net\/fr\/wp-json\/wp\/v2\/media?parent=2515"}],"curies":[{"name":"wp","href":"https:\/\/api.w.org\/{rel}","templated":true}]}}