{"id":2523,"date":"2024-02-25T09:52:05","date_gmt":"2024-02-25T08:52:05","guid":{"rendered":"https:\/\/en.spin-craft.net\/politique-de-confidentialite\/"},"modified":"2025-11-07T10:59:10","modified_gmt":"2025-11-07T09:59:10","slug":"politique-de-confidentialite","status":"publish","type":"page","link":"https:\/\/spin-craft.net\/fr\/politique-de-confidentialite\/","title":{"rendered":"Politique de confidentialit\u00e9"},"content":{"rendered":"<p>[et_pb_section fb_built=\u00a0\u00bb1&Prime; _builder_version=\u00a0\u00bb4.24.2&Prime; _module_preset=\u00a0\u00bbdefault\u00a0\u00bb background_enable_color=\u00a0\u00bboff\u00a0\u00bb custom_padding=\u00a0\u00bb||5px|||\u00a0\u00bb global_colors_info=\u00a0\u00bb{}\u00a0\u00bb][et_pb_row _builder_version=\u00a0\u00bb4.24.2&Prime; _module_preset=\u00a0\u00bbdefault\u00a0\u00bb global_colors_info=\u00a0\u00bb{}\u00a0\u00bb][et_pb_column type=\u00a0\u00bb4_4&Prime; _builder_version=\u00a0\u00bb4.24.2&Prime; _module_preset=\u00a0\u00bbdefault\u00a0\u00bb global_colors_info=\u00a0\u00bb{}\u00a0\u00bb][et_pb_heading title=\u00a0\u00bbPolitique de confidentialit\u00e9\u00a0\u00bb _builder_version=\u00a0\u00bb4.24.3&Prime; _module_preset=\u00a0\u00bbdefault\u00a0\u00bb title_text_color=\u00a0\u00bb#000000&Prime; hover_enabled=\u00a0\u00bb0&Prime; global_colors_info=\u00a0\u00bb{}\u00a0\u00bb sticky_enabled=\u00a0\u00bb0&Prime;][\/et_pb_heading][et_pb_text _builder_version=\u00a0\u00bb4.24.2&Prime; _module_preset=\u00a0\u00bbdefault\u00a0\u00bb text_font=\u00a0\u00bb||||||||\u00a0\u00bb text_text_color=\u00a0\u00bb#000000&Prime; text_font_size=\u00a0\u00bb15px\u00a0\u00bb header_text_color=\u00a0\u00bb#000000&Prime; text_font_tablet=\u00a0\u00bb\u00a0\u00bb text_font_phone=\u00a0\u00bb\u00a0\u00bb text_font_last_edited=\u00a0\u00bbon|desktop\u00a0\u00bb global_colors_info=\u00a0\u00bb{}\u00a0\u00bb]<\/p>\n<p><span style=\"font-size: 15px;\">Nous accordons de l&rsquo;importance et respectons ta vie priv\u00e9e et nous nous engageons \u00e0 la prot\u00e9ger. Cette politique de confidentialit\u00e9 d\u00e9crit comment nous collectons, utilisons et prot\u00e9geons les informations que tu nous fournis via notre site web et les services associ\u00e9s. <\/span><\/p>\n<p>&nbsp;<\/p>\n<h3>Informations que nous collectons<\/h3>\n<p>Lorsque tu utilises notre site web et nos services, nous pouvons collecter certaines informations personnelles identifiables, qui peuvent inclure, entre autres :<\/p>\n<ul>\n<li>Nom<\/li>\n<li>Adresse e-mail<\/li>\n<li>Adresse postale<\/li>\n<li>Num\u00e9ro de t\u00e9l\u00e9phone<\/li>\n<li>Informations de paiement (par exemple, informations de carte de cr\u00e9dit)<\/li>\n<\/ul>\n<p>De plus, nous collectons automatiquement certaines informations sur ton appareil et ton utilisation de notre site web, qui peuvent inclure ton adresse IP, le type de navigateur, les pages visit\u00e9es, l&rsquo;heure de la visite et d&rsquo;autres donn\u00e9es de diagnostic.<\/p>\n<p>&nbsp;<\/p>\n<h3>Utilisation des informations<\/h3>\n<p>Nous utilisons les informations collect\u00e9es aux fins suivantes :<\/p>\n<ul>\n<li>Traitement et ex\u00e9cution de tes commandes<\/li>\n<li>Communiquer avec toi au sujet de ta commande et fournir un service client<\/li>\n<li>Personnaliser ton exp\u00e9rience sur notre site web<\/li>\n<li>T&rsquo;envoyer des e-mails promotionnels et des newsletters sur les produits, les offres sp\u00e9ciales et les \u00e9v\u00e9nements (si tu choisis de les recevoir)<\/li>\n<li>Am\u00e9liorer et optimiser notre site web et nos services<\/li>\n<li>D\u00e9tecter et pr\u00e9venir la fraude et les activit\u00e9s ill\u00e9gales<\/li>\n<\/ul>\n<p>&nbsp;<\/p>\n<h3>Protection des informations<\/h3>\n<p>Nous mettons en \u0153uvre des mesures de s\u00e9curit\u00e9 pour prot\u00e9ger les informations que nous collectons contre la perte, l&rsquo;utilisation abusive, l&rsquo;acc\u00e8s non autoris\u00e9, la divulgation, l&rsquo;alt\u00e9ration ou la destruction. Cependant, veuillez noter qu&rsquo;aucune mesure de s\u00e9curit\u00e9 n&rsquo;est compl\u00e8tement imp\u00e9n\u00e9trable. <\/p>\n<p>&nbsp;<\/p>\n<h3>Partage d&rsquo;informations<\/h3>\n<p>Nous ne vendons, ne louons ni ne partageons tes informations personnelles avec des tiers, sauf dans les circonstances suivantes :<\/p>\n<ul>\n<li>Avec les fournisseurs de services qui ont besoin d&rsquo;acc\u00e9der aux informations pour fournir des services en notre nom (par exemple, traitement des paiements, exp\u00e9dition des commandes).<\/li>\n<li>Lorsque nous pensons de bonne foi que la divulgation est n\u00e9cessaire pour se conformer \u00e0 une obligation l\u00e9gale, prot\u00e9ger nos droits ou pr\u00e9venir des activit\u00e9s ill\u00e9gales.<\/li>\n<\/ul>\n<h3>Modifications de cette politique<\/h3>\n<p>Nous nous r\u00e9servons le droit de mettre \u00e0 jour cette politique de confidentialit\u00e9 \u00e0 tout moment. Nous te notifierons de tout changement en publiant la nouvelle politique de confidentialit\u00e9 sur cette page. Il est recommand\u00e9 de consulter p\u00e9riodiquement cette politique de confidentialit\u00e9 pour rester inform\u00e9 de tout changement.  <\/p>\n<p>&nbsp;<\/p>\n<h3><span style=\"font-size: x-large;\">Contact<\/span><\/h3>\n<p>Si tu as des questions concernant cette politique de confidentialit\u00e9, n&rsquo;h\u00e9site pas \u00e0 nous contacter :<\/p>\n<p>Par e-mail : <a target=\"_new\" rel=\"noopener\">contact@spin-craft.net<\/a><\/p>\n<ul><\/ul>\n<p>[\/et_pb_text][\/et_pb_column][\/et_pb_row][\/et_pb_section]<\/p>\n","protected":false},"excerpt":{"rendered":"<p>Nous accordons de l&rsquo;importance et respectons ta vie priv\u00e9e et nous nous engageons \u00e0 la prot\u00e9ger. Cette politique de confidentialit\u00e9 d\u00e9crit comment nous collectons, utilisons et prot\u00e9geons les informations que tu nous fournis via notre site web et les services associ\u00e9s. &nbsp; Informations que nous collectons Lorsque tu utilises notre site web et nos services, [&hellip;]<\/p>\n","protected":false},"author":1,"featured_media":0,"parent":0,"menu_order":0,"comment_status":"closed","ping_status":"closed","template":"","meta":{"_et_pb_use_builder":"on","_et_pb_old_content":"","_et_gb_content_width":"","footnotes":""},"class_list":["post-2523","page","type-page","status-publish","hentry"],"_links":{"self":[{"href":"https:\/\/spin-craft.net\/fr\/wp-json\/wp\/v2\/pages\/2523","targetHints":{"allow":["GET"]}}],"collection":[{"href":"https:\/\/spin-craft.net\/fr\/wp-json\/wp\/v2\/pages"}],"about":[{"href":"https:\/\/spin-craft.net\/fr\/wp-json\/wp\/v2\/types\/page"}],"author":[{"embeddable":true,"href":"https:\/\/spin-craft.net\/fr\/wp-json\/wp\/v2\/users\/1"}],"replies":[{"embeddable":true,"href":"https:\/\/spin-craft.net\/fr\/wp-json\/wp\/v2\/comments?post=2523"}],"version-history":[{"count":5,"href":"https:\/\/spin-craft.net\/fr\/wp-json\/wp\/v2\/pages\/2523\/revisions"}],"predecessor-version":[{"id":2533,"href":"https:\/\/spin-craft.net\/fr\/wp-json\/wp\/v2\/pages\/2523\/revisions\/2533"}],"wp:attachment":[{"href":"https:\/\/spin-craft.net\/fr\/wp-json\/wp\/v2\/media?parent=2523"}],"curies":[{"name":"wp","href":"https:\/\/api.w.org\/{rel}","templated":true}]}}