{"id":2716,"date":"2025-08-26T14:06:16","date_gmt":"2025-08-26T12:06:16","guid":{"rendered":"https:\/\/en.spin-craft.net\/items\/sweatshirt-play-table-tennis\/"},"modified":"2025-11-19T09:55:22","modified_gmt":"2025-11-19T08:55:22","slug":"sweatshirt-play-table-tennis","status":"publish","type":"product","link":"https:\/\/spin-craft.net\/fr\/items\/sweatshirt-play-table-tennis\/","title":{"rendered":"Sweatshirt \u00ab play table tennis \u00bb"},"content":{"rendered":"<p>Sweatshirt \u00e9co-responsable au design simple et minimaliste repr\u00e9sentant une table de ping-pong et la phrase \u00ab Play Table Tennis \u00bb.<\/p>\n<p>Il pr\u00e9sente une coupe droite et est fabriqu\u00e9 \u00e0 partir de mat\u00e9riaux durables : 85 % de coton biologique et 15 % de polyester recycl\u00e9 apr\u00e8s consommation. La surface ext\u00e9rieure est 100 % coton, avec un molleton bross\u00e9 \u00e0 3 fils trait\u00e9 au LSF (Low Shrinkage Fleece). Le coton est peign\u00e9 et le sweat-shirt a \u00e9t\u00e9 lav\u00e9 aux enzymes pour une finition douce et confortable.<\/p>\n","protected":false},"excerpt":{"rendered":"<p>Sweatshirt \u00e9co-responsable au design simple et minimaliste repr\u00e9sentant une table de ping-pong et la phrase \u00ab Play Table Tennis \u00bb. Il pr\u00e9sente une coupe droite et est fabriqu\u00e9 \u00e0 partir de mat\u00e9riaux durables : 85 % de coton biologique et 15 % de polyester recycl\u00e9 apr\u00e8s consommation. La surface ext\u00e9rieure est 100 % coton, avec [&hellip;]<\/p>\n","protected":false},"featured_media":2717,"comment_status":"open","ping_status":"closed","template":"","meta":{"_et_pb_use_builder":"","_et_pb_old_content":"","_et_gb_content_width":""},"product_brand":[],"product_cat":[92,120],"product_tag":[],"class_list":{"0":"post-2716","1":"product","2":"type-product","3":"status-publish","4":"has-post-thumbnail","6":"product_cat-sweats","7":"product_cat-vendredi-noir","9":"first","10":"instock","11":"sale","12":"taxable","13":"shipping-taxable","14":"purchasable","15":"product-type-variable"},"_links":{"self":[{"href":"https:\/\/spin-craft.net\/fr\/wp-json\/wp\/v2\/product\/2716","targetHints":{"allow":["GET"]}}],"collection":[{"href":"https:\/\/spin-craft.net\/fr\/wp-json\/wp\/v2\/product"}],"about":[{"href":"https:\/\/spin-craft.net\/fr\/wp-json\/wp\/v2\/types\/product"}],"replies":[{"embeddable":true,"href":"https:\/\/spin-craft.net\/fr\/wp-json\/wp\/v2\/comments?post=2716"}],"wp:featuredmedia":[{"embeddable":true,"href":"https:\/\/spin-craft.net\/fr\/wp-json\/wp\/v2\/media\/2717"}],"wp:attachment":[{"href":"https:\/\/spin-craft.net\/fr\/wp-json\/wp\/v2\/media?parent=2716"}],"wp:term":[{"taxonomy":"product_brand","embeddable":true,"href":"https:\/\/spin-craft.net\/fr\/wp-json\/wp\/v2\/product_brand?post=2716"},{"taxonomy":"product_cat","embeddable":true,"href":"https:\/\/spin-craft.net\/fr\/wp-json\/wp\/v2\/product_cat?post=2716"},{"taxonomy":"product_tag","embeddable":true,"href":"https:\/\/spin-craft.net\/fr\/wp-json\/wp\/v2\/product_tag?post=2716"}],"curies":[{"name":"wp","href":"https:\/\/api.w.org\/{rel}","templated":true}]}}