{"id":2771,"date":"2025-08-24T19:48:12","date_gmt":"2025-08-24T17:48:12","guid":{"rendered":"https:\/\/en.spin-craft.net\/items\/sweat-play-table-tennis-or\/"},"modified":"2025-08-24T19:48:12","modified_gmt":"2025-08-24T17:48:12","slug":"sweat-play-table-tennis-or","status":"publish","type":"product","link":"https:\/\/spin-craft.net\/fr\/items\/sweat-play-table-tennis-or\/","title":{"rendered":"Sweat \u00ab&nbsp;PLAY TABLE TENNIS&nbsp;\u00bb &#8211; Or"},"content":{"rendered":"<p>Le sweat PLAY TABLE TENNIS est fait de mat\u00e9riaux organiques et recycl\u00e9s, et il est doux et confortable au toucher. Il a des manches mont\u00e9es, des c\u00f4tes 2\u00d72 au col et une bande de propret\u00e9 en tissu propre.<\/p>\n<p>\u2022 80 % coton biologique, 20 % polyester recycl\u00e9<br \/>\n\u2022 Ext\u00e9rieur 100 % coton biologique<br \/>\n\u2022 Maille molleton bouclette<br \/>\n\u2022 Manches mont\u00e9es<br \/>\n\u2022 C\u00f4te 2\u00d72 au col<br \/>\n\u2022 Bande de propret\u00e9 en tissu propre<\/p>\n","protected":false},"excerpt":{"rendered":"<p>Le sweat PLAY TABLE TENNIS est fait de mat\u00e9riaux organiques et recycl\u00e9s, et il est doux et confortable au toucher. Il a des manches mont\u00e9es, des c\u00f4tes 2\u00d72 au col et une bande de propret\u00e9 en tissu propre. \u2022 80 % coton biologique, 20 % polyester recycl\u00e9 \u2022 Ext\u00e9rieur 100 % coton biologique \u2022 Maille [&hellip;]<\/p>\n","protected":false},"featured_media":2374,"comment_status":"open","ping_status":"closed","template":"","meta":{"_et_pb_use_builder":"","_et_pb_old_content":"","_et_gb_content_width":""},"product_brand":[],"product_cat":[92],"product_tag":[],"class_list":{"0":"post-2771","1":"product","2":"type-product","3":"status-publish","4":"has-post-thumbnail","6":"product_cat-sweats","8":"first","9":"instock","10":"taxable","11":"shipping-taxable","12":"purchasable","13":"product-type-variable"},"_links":{"self":[{"href":"https:\/\/spin-craft.net\/fr\/wp-json\/wp\/v2\/product\/2771","targetHints":{"allow":["GET"]}}],"collection":[{"href":"https:\/\/spin-craft.net\/fr\/wp-json\/wp\/v2\/product"}],"about":[{"href":"https:\/\/spin-craft.net\/fr\/wp-json\/wp\/v2\/types\/product"}],"replies":[{"embeddable":true,"href":"https:\/\/spin-craft.net\/fr\/wp-json\/wp\/v2\/comments?post=2771"}],"wp:featuredmedia":[{"embeddable":true,"href":"https:\/\/spin-craft.net\/fr\/wp-json\/wp\/v2\/media\/2374"}],"wp:attachment":[{"href":"https:\/\/spin-craft.net\/fr\/wp-json\/wp\/v2\/media?parent=2771"}],"wp:term":[{"taxonomy":"product_brand","embeddable":true,"href":"https:\/\/spin-craft.net\/fr\/wp-json\/wp\/v2\/product_brand?post=2771"},{"taxonomy":"product_cat","embeddable":true,"href":"https:\/\/spin-craft.net\/fr\/wp-json\/wp\/v2\/product_cat?post=2771"},{"taxonomy":"product_tag","embeddable":true,"href":"https:\/\/spin-craft.net\/fr\/wp-json\/wp\/v2\/product_tag?post=2771"}],"curies":[{"name":"wp","href":"https:\/\/api.w.org\/{rel}","templated":true}]}}