{"id":2910,"date":"2025-06-05T16:16:42","date_gmt":"2025-06-05T14:16:42","guid":{"rendered":"https:\/\/en.spin-craft.net\/items\/pack-triumph\/"},"modified":"2025-06-05T16:16:42","modified_gmt":"2025-06-05T14:16:42","slug":"pack-triumph","status":"publish","type":"product","link":"https:\/\/spin-craft.net\/fr\/items\/pack-triumph\/","title":{"rendered":"Pack \u00ab TRIUMPH \u00bb"},"content":{"rendered":"<p>\u2728 D\u00e9couvre le PACK TRIUMPH :<br \/>\n\ud83d\udfe1 T-shirt noir + Casquette<br \/>\n\ud83e\udea1 Design brod\u00e9 en or repr\u00e9sentant la passion, l&rsquo;\u00e9l\u00e9gance et la victoire.<br \/>\n\ud83d\udd25 Une \u00e9dition sp\u00e9ciale pour les vrais passionn\u00e9s de tennis de table.<br \/>\n\u2600\ufe0f Le style parfait pour cet \u00e9t\u00e9.<\/p>\n","protected":false},"excerpt":{"rendered":"<p>\u2728 D\u00e9couvre le PACK TRIUMPH : \ud83d\udfe1 T-shirt noir + Casquette \ud83e\udea1 Design brod\u00e9 en or repr\u00e9sentant la passion, l&rsquo;\u00e9l\u00e9gance et la victoire. \ud83d\udd25 Une \u00e9dition sp\u00e9ciale pour les vrais passionn\u00e9s de tennis de table. \u2600\ufe0f Le style parfait pour cet \u00e9t\u00e9.<\/p>\n","protected":false},"featured_media":2187,"comment_status":"open","ping_status":"closed","template":"","meta":{"_et_pb_use_builder":"","_et_pb_old_content":"","_et_gb_content_width":""},"product_brand":[],"product_cat":[113,107],"product_tag":[],"class_list":{"0":"post-2910","1":"product","2":"type-product","3":"status-publish","4":"has-post-thumbnail","6":"product_cat-packs","7":"product_cat-t-shirts","9":"first","10":"instock","11":"sale","12":"taxable","13":"shipping-taxable","14":"purchasable","15":"product-type-variable"},"_links":{"self":[{"href":"https:\/\/spin-craft.net\/fr\/wp-json\/wp\/v2\/product\/2910","targetHints":{"allow":["GET"]}}],"collection":[{"href":"https:\/\/spin-craft.net\/fr\/wp-json\/wp\/v2\/product"}],"about":[{"href":"https:\/\/spin-craft.net\/fr\/wp-json\/wp\/v2\/types\/product"}],"replies":[{"embeddable":true,"href":"https:\/\/spin-craft.net\/fr\/wp-json\/wp\/v2\/comments?post=2910"}],"wp:featuredmedia":[{"embeddable":true,"href":"https:\/\/spin-craft.net\/fr\/wp-json\/wp\/v2\/media\/2187"}],"wp:attachment":[{"href":"https:\/\/spin-craft.net\/fr\/wp-json\/wp\/v2\/media?parent=2910"}],"wp:term":[{"taxonomy":"product_brand","embeddable":true,"href":"https:\/\/spin-craft.net\/fr\/wp-json\/wp\/v2\/product_brand?post=2910"},{"taxonomy":"product_cat","embeddable":true,"href":"https:\/\/spin-craft.net\/fr\/wp-json\/wp\/v2\/product_cat?post=2910"},{"taxonomy":"product_tag","embeddable":true,"href":"https:\/\/spin-craft.net\/fr\/wp-json\/wp\/v2\/product_tag?post=2910"}],"curies":[{"name":"wp","href":"https:\/\/api.w.org\/{rel}","templated":true}]}}