{"id":2926,"date":"2025-04-30T13:32:47","date_gmt":"2025-04-30T11:32:47","guid":{"rendered":"https:\/\/en.spin-craft.net\/items\/sweat-shirt-chillping\/"},"modified":"2025-04-30T13:32:47","modified_gmt":"2025-04-30T11:32:47","slug":"sweat-shirt-chillping","status":"publish","type":"product","link":"https:\/\/spin-craft.net\/fr\/items\/sweat-shirt-chillping\/","title":{"rendered":"Sweat-shirt \u00ab\u00a0CHILL&amp;PING\u00a0\u00bb"},"content":{"rendered":"<p>Le sweat-shirt unisexe bio CHILL&amp;PING est fabriqu\u00e9 \u00e0 partir de mat\u00e9riaux biologiques et recycl\u00e9s, et offre une sensation douce et confortable au toucher. Il a des manches mont\u00e9es, des c\u00f4tes 2\u00d72 au col et une bande de propret\u00e9 en tissu propre. Commande ton prochain essentiel \u00e9co-responsable et sors avec style !<\/p>\n<p>\u2022 80 % coton biologique, 20 % polyester recycl\u00e9<br \/>\n\u2022 Ext\u00e9rieur 100 % coton biologique<br \/>\n\u2022 Maille molleton bouclette<br \/>\n\u2022 Manches mont\u00e9es<br \/>\n\u2022 C\u00f4te 2\u00d72 au col<br \/>\n\u2022 Bande de propret\u00e9 en tissu propre<\/p>\n","protected":false},"excerpt":{"rendered":"<p>Le sweat-shirt unisexe bio CHILL&amp;PING est fabriqu\u00e9 \u00e0 partir de mat\u00e9riaux biologiques et recycl\u00e9s, et offre une sensation douce et confortable au toucher. Il a des manches mont\u00e9es, des c\u00f4tes 2\u00d72 au col et une bande de propret\u00e9 en tissu propre. Commande ton prochain essentiel \u00e9co-responsable et sors avec style ! \u2022 80 % coton [&hellip;]<\/p>\n","protected":false},"featured_media":2105,"comment_status":"open","ping_status":"closed","template":"","meta":{"_et_pb_use_builder":"","_et_pb_old_content":"","_et_gb_content_width":""},"product_brand":[],"product_cat":[92],"product_tag":[],"class_list":{"0":"post-2926","1":"product","2":"type-product","3":"status-publish","4":"has-post-thumbnail","6":"product_cat-sweats","8":"first","9":"instock","10":"taxable","11":"shipping-taxable","12":"purchasable","13":"product-type-variable"},"_links":{"self":[{"href":"https:\/\/spin-craft.net\/fr\/wp-json\/wp\/v2\/product\/2926","targetHints":{"allow":["GET"]}}],"collection":[{"href":"https:\/\/spin-craft.net\/fr\/wp-json\/wp\/v2\/product"}],"about":[{"href":"https:\/\/spin-craft.net\/fr\/wp-json\/wp\/v2\/types\/product"}],"replies":[{"embeddable":true,"href":"https:\/\/spin-craft.net\/fr\/wp-json\/wp\/v2\/comments?post=2926"}],"wp:featuredmedia":[{"embeddable":true,"href":"https:\/\/spin-craft.net\/fr\/wp-json\/wp\/v2\/media\/2105"}],"wp:attachment":[{"href":"https:\/\/spin-craft.net\/fr\/wp-json\/wp\/v2\/media?parent=2926"}],"wp:term":[{"taxonomy":"product_brand","embeddable":true,"href":"https:\/\/spin-craft.net\/fr\/wp-json\/wp\/v2\/product_brand?post=2926"},{"taxonomy":"product_cat","embeddable":true,"href":"https:\/\/spin-craft.net\/fr\/wp-json\/wp\/v2\/product_cat?post=2926"},{"taxonomy":"product_tag","embeddable":true,"href":"https:\/\/spin-craft.net\/fr\/wp-json\/wp\/v2\/product_tag?post=2926"}],"curies":[{"name":"wp","href":"https:\/\/api.w.org\/{rel}","templated":true}]}}