{"id":3096,"date":"2025-11-12T19:06:41","date_gmt":"2025-11-12T18:06:41","guid":{"rendered":"https:\/\/en.spin-craft.net\/items\/sweatshirt-tennis-de-table\/"},"modified":"2025-11-12T19:06:41","modified_gmt":"2025-11-12T18:06:41","slug":"sweatshirt-tennis-de-table","status":"publish","type":"product","link":"https:\/\/spin-craft.net\/fr\/items\/sweatshirt-tennis-de-table\/","title":{"rendered":"Sweatshirt \u00ab TENNIS DE TABLE \u00bb"},"content":{"rendered":"<p>Le sweatshirt unisexe bio \u00ab TENNIS DE TABLE \u00bb est fabriqu\u00e9 \u00e0 partir de mat\u00e9riaux biologiques et recycl\u00e9s, et offre une sensation douce et confortable au toucher. Il a des manches mont\u00e9es, des c\u00f4tes 2\u00d72 au col et une bande de propret\u00e9 en tissu propre. Commande ton prochain essentiel \u00e9co-responsable et sors avec style !<\/p>\n<p>\u2022 80 % coton bio, 20 % polyester recycl\u00e9<br \/>\u2022 100 % coton bio \u00e0 l&rsquo;ext\u00e9rieur<br \/>\u2022 Maille bouclette fran\u00e7aise<br \/>\u2022 Manches mont\u00e9es<br \/>\u2022 C\u00f4tes 2\u00d72 au col<br \/>\u2022 Bande d&rsquo;encolure en m\u00eame tissu<\/p>\n","protected":false},"excerpt":{"rendered":"<p>Le sweatshirt unisexe bio \u00ab TENNIS DE TABLE \u00bb est fabriqu\u00e9 \u00e0 partir de mat\u00e9riaux biologiques et recycl\u00e9s, et offre une sensation douce et confortable au toucher. Il a des manches mont\u00e9es, des c\u00f4tes 2\u00d72 au col et une bande de propret\u00e9 en tissu propre. Commande ton prochain essentiel \u00e9co-responsable et sors avec style ! [&hellip;]<\/p>\n","protected":false},"featured_media":0,"comment_status":"open","ping_status":"closed","template":"","meta":{"_et_pb_use_builder":"","_et_pb_old_content":"","_et_gb_content_width":""},"product_brand":[],"product_cat":[],"product_tag":[],"class_list":{"0":"post-3096","1":"product","2":"type-product","3":"status-publish","6":"first","7":"instock","8":"taxable","9":"shipping-taxable","10":"purchasable","11":"product-type-variable"},"_links":{"self":[{"href":"https:\/\/spin-craft.net\/fr\/wp-json\/wp\/v2\/product\/3096","targetHints":{"allow":["GET"]}}],"collection":[{"href":"https:\/\/spin-craft.net\/fr\/wp-json\/wp\/v2\/product"}],"about":[{"href":"https:\/\/spin-craft.net\/fr\/wp-json\/wp\/v2\/types\/product"}],"replies":[{"embeddable":true,"href":"https:\/\/spin-craft.net\/fr\/wp-json\/wp\/v2\/comments?post=3096"}],"wp:attachment":[{"href":"https:\/\/spin-craft.net\/fr\/wp-json\/wp\/v2\/media?parent=3096"}],"wp:term":[{"taxonomy":"product_brand","embeddable":true,"href":"https:\/\/spin-craft.net\/fr\/wp-json\/wp\/v2\/product_brand?post=3096"},{"taxonomy":"product_cat","embeddable":true,"href":"https:\/\/spin-craft.net\/fr\/wp-json\/wp\/v2\/product_cat?post=3096"},{"taxonomy":"product_tag","embeddable":true,"href":"https:\/\/spin-craft.net\/fr\/wp-json\/wp\/v2\/product_tag?post=3096"}],"curies":[{"name":"wp","href":"https:\/\/api.w.org\/{rel}","templated":true}]}}